{"id":3,"date":"2021-05-14T16:35:05","date_gmt":"2021-05-14T14:35:05","guid":{"rendered":"https:\/\/gemuese-vielfalt.bennhausen.net\/?page_id=3"},"modified":"2022-02-22T18:02:58","modified_gmt":"2022-02-22T17:02:58","slug":"datenschutzerklaerung","status":"publish","type":"page","link":"https:\/\/gemuese-vielfalt.bennhausen.net\/?page_id=3","title":{"rendered":"Datenschutzerkl\u00e4rung"},"content":{"rendered":"\n<h2 class=\"wp-block-heading\" id=\"wer-wir-sind\">Wer wir sind<\/h2>\n\n\n\n<p>Diese Datenschutzerkl\u00e4rung gilt f\u00fcr die Datenverarbeitung durch:<\/p>\n\n\n\n<p>Christian Happy<br>Hauptstra\u00dfe 23<br>67808 Bennhausen<\/p>\n\n\n\n<p>Die Adresse unserer Website ist: https:\/\/gemuese-vielfalt.bennhausen.net.<\/p>\n\n\n\n<h2 class=\"wp-block-heading\" id=\"welche-personenbezogenen-daten-wir-sammeln-und-warum-wir-sie-sammeln\">Welche personenbezogenen Daten wir sammeln und warum wir sie sammeln<\/h2>\n\n\n\n<p>Freiwillig angegebene personenbezogene Daten wie Name, E-Mail-Adresse, sowie Ihre \u00fcber das Kontaktformular gesendeten Nachrichten werden ausschlie\u00dflich von uns zur Kommunikation mit Ihnen genutzt und nicht ohne Ihre Einwilligung an Dritte weitergegeben. Rechtsgrundlage f\u00fcr diese Datenverarbeitung ist Art. 6 Abs. 1 lit. b) im Fall von vor-\/vertraglichen Beziehungen und\/oder ansonsten Art. 6 Abs. 1 lit. f) DSGVO.<\/p>\n\n\n\n<p>Personenbezogene Daten werden au\u00dferdem bei technischen Prozessen wie bei Cookies, Analysewerkzeugen und Einbettungen von Drittanbietern erzeugt.<\/p>\n\n\n\n<p>WordPress sammelt standartm\u00e4\u00dfig keine personenbezogenen Daten \u00fcber Benutzer. Welche personenbezogenen Daten von Plugins gesammelt werden, finden Sie weiter unten.<\/p>\n\n\n\n<p>Beim Zugriff auf unsere Webseite werden au\u00dferdem automatisch Informationen allgemeiner Natur erfasst. Diese Informationen (Server-Logfiles) beinhalten z.B. die Art des Webbrowsers, das verwendete Betriebssystem, den Domainnamen Ihres Internet-Service-Providers und \u00c4hnliches. Zudem wird die IP-Adresse \u00fcbertragen und dazu verwendet, den von Ihnen gew\u00fcnschten Dienst zu nutzen. Diese Informationen sind technisch notwendig, um von Ihnen angeforderte Inhalte von Webseiten korrekt auszuliefern. Diese Logfiledaten werden von uns nach Beendigung des Nutzungsvorgangs anonymisiert beziehungsweise gel\u00f6scht. Rechtsgrundlage f\u00fcr die Datenverarbeitung ist Art. 6 Abs. 1 lit. f) DSGVO.<\/p>\n\n\n\n<h2 class=\"wp-block-heading\" id=\"kontaktformulare\">Kontaktformulare<\/h2>\n\n\n\n<p>Bei der \u00dcbermittlung eines Kontaktformulars werden durch das Plugin WPForms Lite neben technischen auch potenziell personenbezogene und personenbezogene Daten aufgezeichnet. Das Sammeln personenbezogener Daten geschieht freiwillig und kann abgelehnt werden. N\u00e4here Informationen zum Datenschutz von WPForms finden Sie unter: https:\/\/wpforms.com\/privacy-policy\/<\/p>\n\n\n\n<h2 class=\"wp-block-heading\" id=\"cookies\">Cookies<\/h2>\n\n\n\n<p>Wenn du eine Nachricht auf unserer Website schreibst, kann das eine Einwilligung sein, deinen Namen, E-Mail-Adresse und Website in Cookies zu speichern. Dies ist eine Komfortfunktion, damit du nicht, wenn du eine weitere Nachricht schreibst, diese Daten erneut eingeben musst. Diese Cookies k\u00f6nnen ein Jahr lang gespeichert werden.<\/p>\n\n\n\n<h2 class=\"wp-block-heading\" id=\"eingebettete-inhalte-von-anderen-websites\">Eingebettete Inhalte von anderen Websites<\/h2>\n\n\n\n<p>Beitr\u00e4ge auf dieser Website k\u00f6nnen eingebettete Inhalte beinhalten (z.&nbsp;B. Videos, Bilder, Beitr\u00e4ge etc.). Eingebettete Inhalte von anderen Websites verhalten sich exakt so, als ob der Besucher die andere Website besucht h\u00e4tte.<\/p>\n\n\n\n<p>Diese Websites k\u00f6nnen Daten \u00fcber Sie sammeln, Cookies benutzen, zus\u00e4tzliche Tracking-Dienste von Dritten einbetten und Ihre Interaktion mit diesem eingebetteten Inhalt aufzeichnen, inklusive Ihrer Interaktion mit dem eingebetteten Inhalt, falls Sie ein Konto haben und auf dieser Website angemeldet sind.<\/p>\n\n\n\n<h2 class=\"wp-block-heading\" id=\"wie-lange-wir-ihre-daten-speichern\">Wie lange wir Ihre Daten speichern<\/h2>\n\n\n\n<p>Wenn Sie uns eine Nachricht schreiben, wird diese inklusive Metadaten zeitlich unbegrenzt gespeichert. Auf diese Art k\u00f6nnen wir Folgenachrichten einfacher erkennen.<\/p>\n\n\n\n<h2 class=\"wp-block-heading\" id=\"welche-rechte-sie-an-ihren-daten-haben\">Welche Rechte Sie an Ihren Daten haben<\/h2>\n\n\n\n<p>Wenn Sie Nachrichten geschrieben haben, k\u00f6nnen Sie einen Export Ihrer personenbezogenen Daten bei uns anfordern, inklusive aller Daten, die Sie uns mitgeteilt haben. Dar\u00fcber hinaus k\u00f6nnen Sie die L\u00f6schung aller personenbezogenen Daten, die wir von Ihnen gespeichert haben, anfordern. Dies umfasst nicht die Daten, die wir aufgrund administrativer, rechtlicher oder sicherheitsrelevanter Notwendigkeiten aufbewahren m\u00fcssen.<\/p>\n\n\n\n<h2 class=\"wp-block-heading\" id=\"wohin-wir-ihre-daten-senden\">Wohin wir Ihre Daten senden<\/h2>\n\n\n\n<p>Nachrichten k\u00f6nnten von einem automatisierten Dienst zur Spam-Erkennung untersucht werden.<\/p>\n","protected":false},"excerpt":{"rendered":"<p>Wer wir sind Diese Datenschutzerkl\u00e4rung gilt f\u00fcr die Datenverarbeitung durch: Christian HappyHauptstra\u00dfe 2367808 Bennhausen Die Adresse unserer Website ist: https:\/\/gemuese-vielfalt.bennhausen.net. Welche personenbezogenen Daten wir sammeln und warum wir sie sammeln Freiwillig angegebene personenbezogene Daten wie Name, E-Mail-Adresse, sowie Ihre \u00fcber das Kontaktformular gesendeten Nachrichten werden ausschlie\u00dflich von uns zur Kommunikation mit Ihnen genutzt und nicht [&hellip;]<\/p>\n","protected":false},"author":1,"featured_media":0,"parent":0,"menu_order":7,"comment_status":"closed","ping_status":"open","template":"","meta":{"footnotes":""},"_links":{"self":[{"href":"https:\/\/gemuese-vielfalt.bennhausen.net\/index.php?rest_route=\/wp\/v2\/pages\/3"}],"collection":[{"href":"https:\/\/gemuese-vielfalt.bennhausen.net\/index.php?rest_route=\/wp\/v2\/pages"}],"about":[{"href":"https:\/\/gemuese-vielfalt.bennhausen.net\/index.php?rest_route=\/wp\/v2\/types\/page"}],"author":[{"embeddable":true,"href":"https:\/\/gemuese-vielfalt.bennhausen.net\/index.php?rest_route=\/wp\/v2\/users\/1"}],"replies":[{"embeddable":true,"href":"https:\/\/gemuese-vielfalt.bennhausen.net\/index.php?rest_route=%2Fwp%2Fv2%2Fcomments&post=3"}],"version-history":[{"count":4,"href":"https:\/\/gemuese-vielfalt.bennhausen.net\/index.php?rest_route=\/wp\/v2\/pages\/3\/revisions"}],"predecessor-version":[{"id":245,"href":"https:\/\/gemuese-vielfalt.bennhausen.net\/index.php?rest_route=\/wp\/v2\/pages\/3\/revisions\/245"}],"wp:attachment":[{"href":"https:\/\/gemuese-vielfalt.bennhausen.net\/index.php?rest_route=%2Fwp%2Fv2%2Fmedia&parent=3"}],"curies":[{"name":"wp","href":"https:\/\/api.w.org\/{rel}","templated":true}]}}