{"id":25,"date":"2021-05-26T18:28:05","date_gmt":"2021-05-26T16:28:05","guid":{"rendered":"https:\/\/gemuese-vielfalt.bennhausen.net\/?page_id=25"},"modified":"2022-02-18T16:28:40","modified_gmt":"2022-02-18T15:28:40","slug":"homepage","status":"publish","type":"page","link":"https:\/\/gemuese-vielfalt.bennhausen.net\/","title":{"rendered":"Willkommen"},"content":{"rendered":"\n<div class=\"wp-block-cover aligncenter has-background-dim-40 has-background-dim\" style=\"background-color:#000000;min-height:280px\"><img loading=\"lazy\" decoding=\"async\" width=\"1600\" height=\"1200\" class=\"wp-block-cover__image-background wp-image-59\" alt=\"\" src=\"https:\/\/gemuese-vielfalt.bennhausen.net\/wp-content\/uploads\/2021\/08\/IMG-20210720-WA0012.jpg\" style=\"object-position:48% 82%\" data-object-fit=\"cover\" data-object-position=\"48% 82%\" srcset=\"https:\/\/gemuese-vielfalt.bennhausen.net\/wp-content\/uploads\/2021\/08\/IMG-20210720-WA0012.jpg 1600w, https:\/\/gemuese-vielfalt.bennhausen.net\/wp-content\/uploads\/2021\/08\/IMG-20210720-WA0012-300x225.jpg 300w, https:\/\/gemuese-vielfalt.bennhausen.net\/wp-content\/uploads\/2021\/08\/IMG-20210720-WA0012-1024x768.jpg 1024w, https:\/\/gemuese-vielfalt.bennhausen.net\/wp-content\/uploads\/2021\/08\/IMG-20210720-WA0012-768x576.jpg 768w, https:\/\/gemuese-vielfalt.bennhausen.net\/wp-content\/uploads\/2021\/08\/IMG-20210720-WA0012-1536x1152.jpg 1536w\" sizes=\"(max-width: 1600px) 100vw, 1600px\" \/><div class=\"wp-block-cover__inner-container is-layout-flow wp-block-cover-is-layout-flow\">\n<h2 class=\"has-text-align-left wp-block-heading\">Unsere SoLaWi<\/h2>\n\n\n\n<div class=\"wp-block-columns is-layout-flex wp-container-core-columns-layout-1 wp-block-columns-is-layout-flex\">\n<div class=\"wp-block-column is-layout-flow wp-block-column-is-layout-flow\" style=\"flex-basis:750px\">\n<p>Wir betreiben seit Anfang 2016 am Rande des Dorfes Bennhausen eine Solidarische Landwirtschaft \u2013 kurz \u201eSoLaWi\u201c. Bei dieser Form von Landwirtschaft bilden die Verbraucher und die Landwirte bzw. G\u00e4rtner eine Wirtschaftsgemeinschaft. <\/p>\n<\/div>\n\n\n\n<div class=\"wp-block-column is-layout-flow wp-block-column-is-layout-flow\" style=\"flex-basis:33.33%\">\n<div class=\"wp-block-buttons is-content-justification-center is-layout-flex wp-block-buttons-is-layout-flex\">\n<div class=\"wp-block-button has-custom-width wp-block-button__width-75 has-custom-font-size\" style=\"font-size:15px\"><a class=\"wp-block-button__link\" href=\"https:\/\/gemuese-vielfalt.bennhausen.net\/?page_id=10\">Mehr erfahren<\/a><\/div>\n<\/div>\n<\/div>\n<\/div>\n<\/div><\/div>\n\n\n\n<div style=\"height:60px\" aria-hidden=\"true\" class=\"wp-block-spacer\"><\/div>\n\n\n\n<div class=\"wp-block-cover has-background-dim-40 has-background-dim\" style=\"min-height:280px\"><img loading=\"lazy\" decoding=\"async\" width=\"900\" height=\"600\" class=\"wp-block-cover__image-background wp-image-58\" alt=\"\" src=\"https:\/\/gemuese-vielfalt.bennhausen.net\/wp-content\/uploads\/2021\/08\/AW_082018_c.jpg\" data-object-fit=\"cover\" srcset=\"https:\/\/gemuese-vielfalt.bennhausen.net\/wp-content\/uploads\/2021\/08\/AW_082018_c.jpg 900w, https:\/\/gemuese-vielfalt.bennhausen.net\/wp-content\/uploads\/2021\/08\/AW_082018_c-300x200.jpg 300w, https:\/\/gemuese-vielfalt.bennhausen.net\/wp-content\/uploads\/2021\/08\/AW_082018_c-768x512.jpg 768w\" sizes=\"(max-width: 900px) 100vw, 900px\" \/><div class=\"wp-block-cover__inner-container is-layout-flow wp-block-cover-is-layout-flow\">\n<h2 class=\"wp-block-heading\">Unser Gem\u00fcse<\/h2>\n\n\n\n<div class=\"wp-block-columns is-layout-flex wp-container-core-columns-layout-2 wp-block-columns-is-layout-flex\">\n<div class=\"wp-block-column is-layout-flow wp-block-column-is-layout-flow\" style=\"flex-basis:750px\">\n<p>Von A wie Aubergine \u00fcber T wie Tomate bis Z wie Zuckermais, mit mehr als 50 Kulturen bieten wir, auch Ihnen, ganzj\u00e4hrig eine saisonale Gem\u00fcse-Vielfalt an.<\/p>\n<\/div>\n\n\n\n<div class=\"wp-block-column is-layout-flow wp-block-column-is-layout-flow\" style=\"flex-basis:33.33%\">\n<div class=\"wp-block-buttons is-content-justification-center is-layout-flex wp-block-buttons-is-layout-flex\">\n<div class=\"wp-block-button has-custom-width wp-block-button__width-75 has-custom-font-size\" style=\"font-size:15px\"><a class=\"wp-block-button__link\" href=\"https:\/\/gemuese-vielfalt.bennhausen.net\/?page_id=12\">Mehr erfahren<\/a><\/div>\n<\/div>\n<\/div>\n<\/div>\n<\/div><\/div>\n\n\n\n<hr class=\"wp-block-separator has-text-color has-background has-white-background-color has-white-color is-style-wide\"\/>\n\n\n\n<div style=\"height:60px\" aria-hidden=\"true\" class=\"wp-block-spacer\"><\/div>\n\n\n\n<div class=\"wp-block-columns are-vertically-aligned-center is-layout-flex wp-container-core-columns-layout-3 wp-block-columns-is-layout-flex\">\n<div class=\"wp-block-column is-vertically-aligned-center is-layout-flow wp-block-column-is-layout-flow\" style=\"flex-basis:50%\">\n<div class=\"wp-block-cover aligncenter has-background-dim\" style=\"min-height:335px\"><img loading=\"lazy\" decoding=\"async\" width=\"1600\" height=\"1200\" class=\"wp-block-cover__image-background wp-image-64\" alt=\"\" src=\"https:\/\/gemuese-vielfalt.bennhausen.net\/wp-content\/uploads\/2021\/08\/IMG-20210720-WA0015.jpg\" style=\"object-position:56% 100%\" data-object-fit=\"cover\" data-object-position=\"56% 100%\" srcset=\"https:\/\/gemuese-vielfalt.bennhausen.net\/wp-content\/uploads\/2021\/08\/IMG-20210720-WA0015.jpg 1600w, https:\/\/gemuese-vielfalt.bennhausen.net\/wp-content\/uploads\/2021\/08\/IMG-20210720-WA0015-300x225.jpg 300w, https:\/\/gemuese-vielfalt.bennhausen.net\/wp-content\/uploads\/2021\/08\/IMG-20210720-WA0015-1024x768.jpg 1024w, https:\/\/gemuese-vielfalt.bennhausen.net\/wp-content\/uploads\/2021\/08\/IMG-20210720-WA0015-768x576.jpg 768w, https:\/\/gemuese-vielfalt.bennhausen.net\/wp-content\/uploads\/2021\/08\/IMG-20210720-WA0015-1536x1152.jpg 1536w\" sizes=\"(max-width: 1600px) 100vw, 1600px\" \/><div class=\"wp-block-cover__inner-container is-layout-flow wp-block-cover-is-layout-flow\">\n<h2 class=\"has-text-align-center wp-block-heading\">Wie es funktioniert<\/h2>\n\n\n\n<p class=\"has-text-align-center\">Jeden Freitag ab 14 Uhr k\u00f6nnen Sie Ihr gew\u00fcnschtes Gem\u00fcse bei uns im Hof abholen.<\/p>\n\n\n\n<div class=\"wp-block-buttons is-content-justification-center is-layout-flex wp-block-buttons-is-layout-flex\">\n<div class=\"wp-block-button has-custom-width wp-block-button__width-50 has-custom-font-size\" style=\"font-size:15px\"><a class=\"wp-block-button__link\" href=\"https:\/\/gemuese-vielfalt.bennhausen.net\/?page_id=22\">Mehr erfahren<\/a><\/div>\n<\/div>\n<\/div><\/div>\n<\/div>\n\n\n\n<div class=\"wp-block-column is-vertically-aligned-center is-layout-flow wp-block-column-is-layout-flow\" style=\"flex-basis:50%\">\n<div class=\"wp-block-cover aligncenter has-background-dim-40 has-background-dim\" style=\"min-height:335px\"><img loading=\"lazy\" decoding=\"async\" width=\"480\" height=\"643\" class=\"wp-block-cover__image-background wp-image-60\" alt=\"\" src=\"https:\/\/gemuese-vielfalt.bennhausen.net\/wp-content\/uploads\/2021\/08\/Foto-1.jpg\" style=\"object-position:61% 24%\" data-object-fit=\"cover\" data-object-position=\"61% 24%\" srcset=\"https:\/\/gemuese-vielfalt.bennhausen.net\/wp-content\/uploads\/2021\/08\/Foto-1.jpg 480w, https:\/\/gemuese-vielfalt.bennhausen.net\/wp-content\/uploads\/2021\/08\/Foto-1-224x300.jpg 224w\" sizes=\"(max-width: 480px) 100vw, 480px\" \/><div class=\"wp-block-cover__inner-container is-layout-flow wp-block-cover-is-layout-flow\">\n<h2 class=\"has-text-align-center wp-block-heading\">Mitmachen<\/h2>\n\n\n\n<p class=\"has-text-align-center\">Eure Hilfe wird auf dem Acker gebraucht!<br>Wir freuen uns auf Sie!<\/p>\n\n\n\n<p class=\"has-text-align-center\">Viele H\u00e4nde &#8211; schnelles Ende \ud83d\ude09<\/p>\n\n\n\n<div class=\"wp-block-buttons is-content-justification-center is-layout-flex wp-block-buttons-is-layout-flex\">\n<div class=\"wp-block-button has-custom-width wp-block-button__width-50 has-custom-font-size\" style=\"font-size:15px\"><a class=\"wp-block-button__link\" href=\"https:\/\/gemuese-vielfalt.bennhausen.net\/?page_id=18\">Mehr erfahren<\/a><\/div>\n<\/div>\n<\/div><\/div>\n<\/div>\n<\/div>\n\n\n\n<p><\/p>\n","protected":false},"excerpt":{"rendered":"","protected":false},"author":1,"featured_media":0,"parent":0,"menu_order":1,"comment_status":"closed","ping_status":"closed","template":"","meta":{"footnotes":""},"_links":{"self":[{"href":"https:\/\/gemuese-vielfalt.bennhausen.net\/index.php?rest_route=\/wp\/v2\/pages\/25"}],"collection":[{"href":"https:\/\/gemuese-vielfalt.bennhausen.net\/index.php?rest_route=\/wp\/v2\/pages"}],"about":[{"href":"https:\/\/gemuese-vielfalt.bennhausen.net\/index.php?rest_route=\/wp\/v2\/types\/page"}],"author":[{"embeddable":true,"href":"https:\/\/gemuese-vielfalt.bennhausen.net\/index.php?rest_route=\/wp\/v2\/users\/1"}],"replies":[{"embeddable":true,"href":"https:\/\/gemuese-vielfalt.bennhausen.net\/index.php?rest_route=%2Fwp%2Fv2%2Fcomments&post=25"}],"version-history":[{"count":20,"href":"https:\/\/gemuese-vielfalt.bennhausen.net\/index.php?rest_route=\/wp\/v2\/pages\/25\/revisions"}],"predecessor-version":[{"id":239,"href":"https:\/\/gemuese-vielfalt.bennhausen.net\/index.php?rest_route=\/wp\/v2\/pages\/25\/revisions\/239"}],"wp:attachment":[{"href":"https:\/\/gemuese-vielfalt.bennhausen.net\/index.php?rest_route=%2Fwp%2Fv2%2Fmedia&parent=25"}],"curies":[{"name":"wp","href":"https:\/\/api.w.org\/{rel}","templated":true}]}}