{"id":22,"date":"2021-05-26T17:47:07","date_gmt":"2021-05-26T15:47:07","guid":{"rendered":"https:\/\/gemuese-vielfalt.bennhausen.net\/?page_id=22"},"modified":"2022-01-07T00:13:16","modified_gmt":"2022-01-06T23:13:16","slug":"wie-es-funktioniert","status":"publish","type":"page","link":"https:\/\/gemuese-vielfalt.bennhausen.net\/?page_id=22","title":{"rendered":"Wie es funktioniert"},"content":{"rendered":"\n<div style=\"height:20px\" aria-hidden=\"true\" class=\"wp-block-spacer\"><\/div>\n\n\n\n<div class=\"wp-block-image\"><figure class=\"aligncenter size-full is-resized\"><img loading=\"lazy\" decoding=\"async\" src=\"https:\/\/gemuese-vielfalt.bennhausen.net\/wp-content\/uploads\/2021\/09\/wie-es-funktioniert.png\" alt=\"\" class=\"wp-image-186\" width=\"526\" height=\"158\" srcset=\"https:\/\/gemuese-vielfalt.bennhausen.net\/wp-content\/uploads\/2021\/09\/wie-es-funktioniert.png 1000w, https:\/\/gemuese-vielfalt.bennhausen.net\/wp-content\/uploads\/2021\/09\/wie-es-funktioniert-300x90.png 300w, https:\/\/gemuese-vielfalt.bennhausen.net\/wp-content\/uploads\/2021\/09\/wie-es-funktioniert-768x230.png 768w\" sizes=\"(max-width: 526px) 100vw, 526px\" \/><\/figure><\/div>\n\n\n\n<p class=\"has-text-align-left\"><strong>Mitglied werden! <\/strong><\/p>\n\n\n\n<p class=\"has-text-align-left\">Kontakt aufnehmen, Beitrittserkl\u00e4rung ausf\u00fcllen, unterschreiben und f\u00fcr mindestens eine Session monatlich den Mitgliedsbeitrag \u00fcberweisen. Wenn nicht schriftlich gek\u00fcndigt wird, gehen wir davon aus, dass es Ihnen geschmeckt hat und Sie ein weiteres Jahr mit dabei sein wollen.  <\/p>\n\n\n\n<p><\/p>\n\n\n\n<p class=\"has-text-align-left\"><strong>Gem\u00fcse bekommen!<\/strong><\/p>\n\n\n\n<p class=\"has-text-align-left\">Von Freitag ab 14 Uhr bis Sonntag steht das Gem\u00fcse im klimatisierten Abholraum im Hof bereit.<br><\/p>\n\n\n\n<div class=\"wp-block-columns are-vertically-aligned-center is-layout-flex wp-container-core-columns-layout-6 wp-block-columns-is-layout-flex\">\n<div class=\"wp-block-column is-vertically-aligned-center is-layout-flow wp-block-column-is-layout-flow\">\n<div class=\"wp-block-group is-layout-flow wp-block-group-is-layout-flow\">\n<div class=\"wp-block-columns is-layout-flex wp-container-core-columns-layout-1 wp-block-columns-is-layout-flex\">\n<div class=\"wp-block-column is-layout-flow wp-block-column-is-layout-flow\" style=\"flex-basis:57px\">\n<div class=\"wp-block-image\"><figure class=\"aligncenter size-full\"><img loading=\"lazy\" decoding=\"async\" width=\"300\" height=\"300\" src=\"https:\/\/gemuese-vielfalt.bennhausen.net\/wp-content\/uploads\/2021\/09\/eins.png\" alt=\"Erster Schritt\" class=\"wp-image-136\" srcset=\"https:\/\/gemuese-vielfalt.bennhausen.net\/wp-content\/uploads\/2021\/09\/eins.png 300w, https:\/\/gemuese-vielfalt.bennhausen.net\/wp-content\/uploads\/2021\/09\/eins-150x150.png 150w\" sizes=\"(max-width: 300px) 100vw, 300px\" \/><\/figure><\/div>\n<\/div>\n\n\n\n<div class=\"wp-block-column is-vertically-aligned-center is-layout-flow wp-block-column-is-layout-flow\" style=\"flex-basis:66.66%\">\n<p>Bringen Sie Ihren eigenen Korb mit oder benutzen Sie eine von unserer Kartonkisten, die unter dem Tisch liegen.  <\/p>\n<\/div>\n<\/div>\n<\/div>\n\n\n\n<div class=\"wp-block-columns are-vertically-aligned-center is-layout-flex wp-container-core-columns-layout-2 wp-block-columns-is-layout-flex\">\n<div class=\"wp-block-column is-vertically-aligned-center is-layout-flow wp-block-column-is-layout-flow\" style=\"flex-basis:57px\">\n<div class=\"wp-block-image\"><figure class=\"aligncenter size-full\"><img loading=\"lazy\" decoding=\"async\" width=\"300\" height=\"300\" src=\"https:\/\/gemuese-vielfalt.bennhausen.net\/wp-content\/uploads\/2021\/09\/zwei.png\" alt=\"Zweier Schritt\" class=\"wp-image-137\" srcset=\"https:\/\/gemuese-vielfalt.bennhausen.net\/wp-content\/uploads\/2021\/09\/zwei.png 300w, https:\/\/gemuese-vielfalt.bennhausen.net\/wp-content\/uploads\/2021\/09\/zwei-150x150.png 150w\" sizes=\"(max-width: 300px) 100vw, 300px\" \/><\/figure><\/div>\n<\/div>\n\n\n\n<div class=\"wp-block-column is-vertically-aligned-center is-layout-flow wp-block-column-is-layout-flow\" style=\"flex-basis:66.66%\">\n<p>Schauen Sie sich die Tabelle an der Tafel an. Ein Teil der Ernte steht nach Bedarf zu Verf\u00fcgung. Der andere Teil wurde abgewogen, damit alle den gleichen Anteil mitnehmen k\u00f6nnen. Rechts unter der Tafel finden Sie die Reste oder eine Zweite-Wahl Kiste.  <\/p>\n<\/div>\n<\/div>\n\n\n\n<div class=\"wp-block-columns are-vertically-aligned-center is-layout-flex wp-container-core-columns-layout-3 wp-block-columns-is-layout-flex\">\n<div class=\"wp-block-column is-vertically-aligned-center is-layout-flow wp-block-column-is-layout-flow\" style=\"flex-basis:57px\">\n<div class=\"wp-block-image\"><figure class=\"aligncenter size-full\"><img loading=\"lazy\" decoding=\"async\" width=\"300\" height=\"300\" src=\"https:\/\/gemuese-vielfalt.bennhausen.net\/wp-content\/uploads\/2021\/09\/drei.png\" alt=\"Dritter Schritt\" class=\"wp-image-138\" srcset=\"https:\/\/gemuese-vielfalt.bennhausen.net\/wp-content\/uploads\/2021\/09\/drei.png 300w, https:\/\/gemuese-vielfalt.bennhausen.net\/wp-content\/uploads\/2021\/09\/drei-150x150.png 150w\" sizes=\"(max-width: 300px) 100vw, 300px\" \/><\/figure><\/div>\n<\/div>\n\n\n\n<div class=\"wp-block-column is-vertically-aligned-center is-layout-flow wp-block-column-is-layout-flow\" style=\"flex-basis:66.66%\">\n<p>Wiegen Sie das gew\u00fcnschte Gem\u00fcse ab und nehmen Sie sich von dem \u201enach Bedarf\u201c-Gem\u00fcse soviel Sie f\u00fcr sich ben\u00f6tigen und\/oder aus der Reste-Ecke noch verwerten k\u00f6nnen.<\/p>\n<\/div>\n<\/div>\n\n\n\n<div class=\"wp-block-columns are-vertically-aligned-center is-layout-flex wp-container-core-columns-layout-4 wp-block-columns-is-layout-flex\">\n<div class=\"wp-block-column is-vertically-aligned-center is-layout-flow wp-block-column-is-layout-flow\" style=\"flex-basis:57px\">\n<div class=\"wp-block-image\"><figure class=\"aligncenter size-full\"><img loading=\"lazy\" decoding=\"async\" width=\"300\" height=\"300\" src=\"https:\/\/gemuese-vielfalt.bennhausen.net\/wp-content\/uploads\/2021\/09\/vier.png\" alt=\"Vierter Schritt\" class=\"wp-image-139\" srcset=\"https:\/\/gemuese-vielfalt.bennhausen.net\/wp-content\/uploads\/2021\/09\/vier.png 300w, https:\/\/gemuese-vielfalt.bennhausen.net\/wp-content\/uploads\/2021\/09\/vier-150x150.png 150w\" sizes=\"(max-width: 300px) 100vw, 300px\" \/><\/figure><\/div>\n<\/div>\n\n\n\n<div class=\"wp-block-column is-vertically-aligned-center is-layout-flow wp-block-column-is-layout-flow\" style=\"flex-basis:66.66%\">\n<p>Packen Sie das Gem\u00fcse in Zeitungspapier wenn n\u00f6tig.<\/p>\n<\/div>\n<\/div>\n\n\n\n<div class=\"wp-block-columns are-vertically-aligned-center is-layout-flex wp-container-core-columns-layout-5 wp-block-columns-is-layout-flex\">\n<div class=\"wp-block-column is-vertically-aligned-center is-layout-flow wp-block-column-is-layout-flow\" style=\"flex-basis:57px\">\n<div class=\"wp-block-image\"><figure class=\"aligncenter size-full\"><img loading=\"lazy\" decoding=\"async\" width=\"300\" height=\"300\" src=\"https:\/\/gemuese-vielfalt.bennhausen.net\/wp-content\/uploads\/2021\/09\/funf.png\" alt=\"F\u00fcnfter Schritt\" class=\"wp-image-140\" srcset=\"https:\/\/gemuese-vielfalt.bennhausen.net\/wp-content\/uploads\/2021\/09\/funf.png 300w, https:\/\/gemuese-vielfalt.bennhausen.net\/wp-content\/uploads\/2021\/09\/funf-150x150.png 150w\" sizes=\"(max-width: 300px) 100vw, 300px\" \/><\/figure><\/div>\n<\/div>\n\n\n\n<div class=\"wp-block-column is-vertically-aligned-center is-layout-flow wp-block-column-is-layout-flow\" style=\"flex-basis:66.66%\">\n<p>Haken Sie Ihren Namen auf der Liste ab, die an der Wand h\u00e4ngt. So k\u00f6nnen wir besser einsch\u00e4tzen, wie viel die Mitglieder mitnehmen, ob wir nachernten, auff\u00fcllen oder auch wie viel wir f\u00fcr das n\u00e4chste Mal ernten m\u00fcssen, damit jeder genug bekommt.<\/p>\n<\/div>\n<\/div>\n<\/div>\n<\/div>\n\n\n\n<div class=\"wp-block-image\"><figure class=\"aligncenter size-full is-resized\"><img loading=\"lazy\" decoding=\"async\" src=\"https:\/\/gemuese-vielfalt.bennhausen.net\/wp-content\/uploads\/2021\/09\/schnecke-1.png\" alt=\"Lasst es euch schmecken\" class=\"wp-image-141\" width=\"310\" height=\"116\" srcset=\"https:\/\/gemuese-vielfalt.bennhausen.net\/wp-content\/uploads\/2021\/09\/schnecke-1.png 800w, https:\/\/gemuese-vielfalt.bennhausen.net\/wp-content\/uploads\/2021\/09\/schnecke-1-300x113.png 300w, https:\/\/gemuese-vielfalt.bennhausen.net\/wp-content\/uploads\/2021\/09\/schnecke-1-768x288.png 768w\" sizes=\"(max-width: 310px) 100vw, 310px\" \/><\/figure><\/div>\n","protected":false},"excerpt":{"rendered":"<p>Mitglied werden! Kontakt aufnehmen, Beitrittserkl\u00e4rung ausf\u00fcllen, unterschreiben und f\u00fcr mindestens eine Session monatlich den Mitgliedsbeitrag \u00fcberweisen. Wenn nicht schriftlich gek\u00fcndigt wird, gehen wir davon aus, dass es Ihnen geschmeckt hat und Sie ein weiteres Jahr mit dabei sein wollen. Gem\u00fcse bekommen! Von Freitag ab 14 Uhr bis Sonntag steht das Gem\u00fcse im klimatisierten Abholraum im [&hellip;]<\/p>\n","protected":false},"author":1,"featured_media":0,"parent":0,"menu_order":4,"comment_status":"closed","ping_status":"closed","template":"","meta":{"footnotes":""},"_links":{"self":[{"href":"https:\/\/gemuese-vielfalt.bennhausen.net\/index.php?rest_route=\/wp\/v2\/pages\/22"}],"collection":[{"href":"https:\/\/gemuese-vielfalt.bennhausen.net\/index.php?rest_route=\/wp\/v2\/pages"}],"about":[{"href":"https:\/\/gemuese-vielfalt.bennhausen.net\/index.php?rest_route=\/wp\/v2\/types\/page"}],"author":[{"embeddable":true,"href":"https:\/\/gemuese-vielfalt.bennhausen.net\/index.php?rest_route=\/wp\/v2\/users\/1"}],"replies":[{"embeddable":true,"href":"https:\/\/gemuese-vielfalt.bennhausen.net\/index.php?rest_route=%2Fwp%2Fv2%2Fcomments&post=22"}],"version-history":[{"count":17,"href":"https:\/\/gemuese-vielfalt.bennhausen.net\/index.php?rest_route=\/wp\/v2\/pages\/22\/revisions"}],"predecessor-version":[{"id":232,"href":"https:\/\/gemuese-vielfalt.bennhausen.net\/index.php?rest_route=\/wp\/v2\/pages\/22\/revisions\/232"}],"wp:attachment":[{"href":"https:\/\/gemuese-vielfalt.bennhausen.net\/index.php?rest_route=%2Fwp%2Fv2%2Fmedia&parent=22"}],"curies":[{"name":"wp","href":"https:\/\/api.w.org\/{rel}","templated":true}]}}