{"id":18,"date":"2021-05-26T17:18:24","date_gmt":"2021-05-26T15:18:24","guid":{"rendered":"https:\/\/gemuese-vielfalt.bennhausen.net\/?page_id=18"},"modified":"2022-01-06T21:47:30","modified_gmt":"2022-01-06T20:47:30","slug":"mitmachen","status":"publish","type":"page","link":"https:\/\/gemuese-vielfalt.bennhausen.net\/?page_id=18","title":{"rendered":"Mitmachen"},"content":{"rendered":"\n<div class=\"wp-block-image\"><figure class=\"aligncenter size-full is-resized\"><img loading=\"lazy\" decoding=\"async\" src=\"https:\/\/gemuese-vielfalt.bennhausen.net\/wp-content\/uploads\/2021\/09\/mitmachen.png\" alt=\"\" class=\"wp-image-189\" width=\"526\" height=\"158\" srcset=\"https:\/\/gemuese-vielfalt.bennhausen.net\/wp-content\/uploads\/2021\/09\/mitmachen.png 1000w, https:\/\/gemuese-vielfalt.bennhausen.net\/wp-content\/uploads\/2021\/09\/mitmachen-300x90.png 300w, https:\/\/gemuese-vielfalt.bennhausen.net\/wp-content\/uploads\/2021\/09\/mitmachen-768x230.png 768w\" sizes=\"(max-width: 526px) 100vw, 526px\" \/><\/figure><\/div>\n\n\n\n<p>Eintopfen, pflanzen, hacken, j\u00e4ten, ernten, einkochen&#8230; bei der SoLaWi gibt es viel zu tun, um eine gute Qualit\u00e4t zu erreichen! <\/p>\n\n\n\n<p>Wenn wir gerne ein paar H\u00e4nde mehr dabei h\u00e4tten, laden wir euch per E-Mail ein. Zum Beispiel wenn jemand im Urlaub ist, die Feins\u00e4mereien gej\u00e4tet werden m\u00fcssen, Kartoffeln aufgesammelt, ein Fest zu organisieren ist oder wenn wir gro\u00dfe Mengen verarbereiten m\u00fcssen.<\/p>\n\n\n\n<p>Dies ist immer freiwillig und flexibel: Ob es f\u00fcr eine oder vier Stunden ist, wir freuen uns auf Ihre Hilfe und Wertsch\u00e4tzung!<\/p>\n\n\n\n<p><\/p>\n\n\n\n<p><\/p>\n\n\n\n<p><\/p>\n\n\n\n<p><\/p>\n","protected":false},"excerpt":{"rendered":"<p>Eintopfen, pflanzen, hacken, j\u00e4ten, ernten, einkochen&#8230; bei der SoLaWi gibt es viel zu tun, um eine gute Qualit\u00e4t zu erreichen! Wenn wir gerne ein paar H\u00e4nde mehr dabei h\u00e4tten, laden wir euch per E-Mail ein. Zum Beispiel wenn jemand im Urlaub ist, die Feins\u00e4mereien gej\u00e4tet werden m\u00fcssen, Kartoffeln aufgesammelt, ein Fest zu organisieren ist oder [&hellip;]<\/p>\n","protected":false},"author":1,"featured_media":0,"parent":0,"menu_order":5,"comment_status":"closed","ping_status":"closed","template":"","meta":{"footnotes":""},"_links":{"self":[{"href":"https:\/\/gemuese-vielfalt.bennhausen.net\/index.php?rest_route=\/wp\/v2\/pages\/18"}],"collection":[{"href":"https:\/\/gemuese-vielfalt.bennhausen.net\/index.php?rest_route=\/wp\/v2\/pages"}],"about":[{"href":"https:\/\/gemuese-vielfalt.bennhausen.net\/index.php?rest_route=\/wp\/v2\/types\/page"}],"author":[{"embeddable":true,"href":"https:\/\/gemuese-vielfalt.bennhausen.net\/index.php?rest_route=\/wp\/v2\/users\/1"}],"replies":[{"embeddable":true,"href":"https:\/\/gemuese-vielfalt.bennhausen.net\/index.php?rest_route=%2Fwp%2Fv2%2Fcomments&post=18"}],"version-history":[{"count":6,"href":"https:\/\/gemuese-vielfalt.bennhausen.net\/index.php?rest_route=\/wp\/v2\/pages\/18\/revisions"}],"predecessor-version":[{"id":223,"href":"https:\/\/gemuese-vielfalt.bennhausen.net\/index.php?rest_route=\/wp\/v2\/pages\/18\/revisions\/223"}],"wp:attachment":[{"href":"https:\/\/gemuese-vielfalt.bennhausen.net\/index.php?rest_route=%2Fwp%2Fv2%2Fmedia&parent=18"}],"curies":[{"name":"wp","href":"https:\/\/api.w.org\/{rel}","templated":true}]}}